{"id":354,"date":"2024-01-14T10:03:23","date_gmt":"2024-01-14T10:03:23","guid":{"rendered":"https:\/\/freeage.de\/joachimurlaub\/?page_id=354"},"modified":"2024-09-16T04:18:25","modified_gmt":"2024-09-16T04:18:25","slug":"mein-wunschzettel","status":"publish","type":"page","link":"https:\/\/freeage.de\/joachimurlaub\/mein-wunschzettel\/","title":{"rendered":"Mein Wunschzettel"},"content":{"rendered":"<p>Schon einiges gefunden. In meinem Nachbarort.<\/p>\n<p>Birnen Gekauft 29.02.2024 <a href=\"https:\/\/www.google.hu\/maps\/place\/Pere+Kert%C3%A9szet\/@46.7861986,18.2811114,376m\/data=!3m1!1e3!4m6!3m5!1s0x4769dbc23094a471:0x598438a798611d07!8m2!3d46.7861988!4d18.2819947!16s%2Fg%2F11fmdy_6zm?hl=hu&amp;entry=ttu\" target=\"_blank\" rel=\"noopener\">Fels\u0151ny\u00e9k, \u00c1rp\u00e1d u. 38, 7099<\/a> M\u00fcssen zwei sein wegen Best\u00e4ubung<\/p>\n<p>Goji bogyo Gekauft 29.02.2024 <a href=\"https:\/\/www.google.hu\/maps\/place\/Pere+Kert%C3%A9szet\/@46.7861986,18.2811114,376m\/data=!3m1!1e3!4m6!3m5!1s0x4769dbc23094a471:0x598438a798611d07!8m2!3d46.7861988!4d18.2819947!16s%2Fg%2F11fmdy_6zm?hl=hu&amp;entry=ttu\" target=\"_blank\" rel=\"noopener\">Fels\u0151ny\u00e9k, \u00c1rp\u00e1d u. 38, 7099<\/a><br \/>\n<a href=\"https:\/\/www.megyeriszabolcskerteszete.hu\/lycium_chinense_sweet_goji_bogyo_rendelese\" target=\"_blank\" rel=\"noopener\">Beispiel Bild<\/a><\/p>\n<p><a href=\"https:\/\/www.plantura.garden\/obst\/maulbeerbaum\/maulbeerbaum-pflanzenportrait\" target=\"_blank\" rel=\"noopener\">Maulbeerbaum Info<\/a>\u00a0 Gekauft 17.02.2024 <a href=\"https:\/\/www.google.hu\/maps\/place\/Pere+Kert%C3%A9szet\/@46.7861986,18.2811114,376m\/data=!3m1!1e3!4m6!3m5!1s0x4769dbc23094a471:0x598438a798611d07!8m2!3d46.7861988!4d18.2819947!16s%2Fg%2F11fmdy_6zm?hl=hu&amp;entry=ttu\" target=\"_blank\" rel=\"noopener\">Fels\u0151ny\u00e9k, \u00c1rp\u00e1d u. 38, 7099<\/a><\/p>\n<p><a href=\"https:\/\/www.mein-schoener-garten.de\/pflanzen\/weissdorn\" target=\"_blank\" rel=\"noopener\">Weissdorn Info<\/a>\u00a0 \u00a0 \u00a0Gekauft 17.02.2024\u00a0 <a href=\"https:\/\/www.google.hu\/maps\/place\/Pere+Kert%C3%A9szet\/@46.7861986,18.2811114,376m\/data=!3m1!1e3!4m6!3m5!1s0x4769dbc23094a471:0x598438a798611d07!8m2!3d46.7861988!4d18.2819947!16s%2Fg%2F11fmdy_6zm?hl=hu&amp;entry=ttu\" target=\"_blank\" rel=\"noopener\">Fels\u0151ny\u00e9k, \u00c1rp\u00e1d u. 38, 7099\u00a0<\/a><\/p>\n<p><a href=\"https:\/\/www.mein-schoener-garten.de\/pflanzen\/obst\/japanische-weinbeere\" target=\"_blank\" rel=\"noopener\">Japanische Weinbeere<\/a>. 3x <span style=\"color: #0000ff;\"><a style=\"color: #0000ff;\" href=\"https:\/\/www.youtube.com\/watch?v=oXdluddZw2M\">Video zu Japanische Weinbeere.<\/a>\u00a0 \u00a0Gekauft 17.02.2024 <a href=\"https:\/\/www.google.hu\/maps\/place\/Pere+Kert%C3%A9szet\/@46.7861986,18.2811114,376m\/data=!3m1!1e3!4m6!3m5!1s0x4769dbc23094a471:0x598438a798611d07!8m2!3d46.7861988!4d18.2819947!16s%2Fg%2F11fmdy_6zm?hl=hu&amp;entry=ttu\" target=\"_blank\" rel=\"noopener\">Fels\u0151ny\u00e9k, \u00c1rp\u00e1d u. 38, 7099\u00a0<\/a><\/span><\/p>\n<p><a href=\"https:\/\/www.nordischer-shop.at\/produkt\/cornus-mas-dirndlstrauch-kornelkirsche\/\" target=\"_blank\" rel=\"noopener\">Kornelkirsche<\/a> <span style=\"color: #000000;\"><a style=\"color: #000000;\" href=\"https:\/\/www.nordischer-shop.at\/produkt\/cornus-mas-dirndlstrauch-kornelkirsche\/\" target=\"_blank\" rel=\"noopener\">Beschreibung<\/a><\/span><br \/>\nBestellung aufgegeben.<br \/>\nORDERGESCHICHTE Besetzung Bestellnummer Produktnummer endg\u00fcltiger Betrag Bestellstatus 01\/03\/2024 230030633 7 Produkte 15 430 HUF<br \/>\n<em><strong>Angekommen 08.03.2024 alles gut.<\/strong><\/em><br \/>\nSt\u00fcck 1.890 HUF Surs\u0103: <a href=\"https:\/\/gradinamax.hu\" target=\"_blank\" rel=\"noopener\">https:\/\/gradinamax.hu<\/a><br \/>\n&#8212;&#8212;&#8212;<br \/>\n<strong>Zweiter Auftrag. Hatte etwas vergessen. <em>Angekommen 13.03.2024 alles gut.<\/em><\/strong><br \/>\nBesetzung Bestellnummer Produktnummer endg\u00fcltiger Betrag Bestellstatus 03\/04\/2024 230030882 4 Produkte 20 960 HUF Unter Verarbeitung Produktname Produktmenge endg\u00fcltiger Betrag Erdbeer schwarz 2 buc. 1.890 HUF Pfirsichs\u00e4ule Aida 1 buc. 6.990 HUF Aprikose Perla 1 buc. 7.990 HUF Surs\u0103: https:\/\/gradinamax.hu\/account\/orders<\/p>\n<p>&nbsp;<\/p>\n<p><a href=\"https:\/\/de.wikipedia.org\/wiki\/Papau#Systematik_und_Verbreitung\" target=\"_blank\" rel=\"noopener\">Papau Indianer Bannane\u00a0 <span style=\"color: #000000;\">Beschreibung.<\/span><\/a>\u00a0 Gekauft 17.02.2024 <a href=\"https:\/\/www.google.hu\/maps\/place\/Pere+Kert%C3%A9szet\/@46.7861986,18.2811114,376m\/data=!3m1!1e3!4m6!3m5!1s0x4769dbc23094a471:0x598438a798611d07!8m2!3d46.7861988!4d18.2819947!16s%2Fg%2F11fmdy_6zm?hl=hu&amp;entry=ttu\" target=\"_blank\" rel=\"noopener\">Fels\u0151ny\u00e9k, \u00c1rp\u00e1d u. 38, 7099\u00a0<\/a><\/p>\n<p><iframe loading=\"lazy\" title=\"So gut schmecken Indianerbananen - Anbautipps und Geschmackstest der PawPaw, Dreilappige Papau\" width=\"616\" height=\"347\" src=\"https:\/\/www.youtube.com\/embed\/gTU3sK3UxlA?feature=oembed\" frameborder=\"0\" allow=\"accelerometer; autoplay; clipboard-write; encrypted-media; gyroscope; picture-in-picture; web-share\" referrerpolicy=\"strict-origin-when-cross-origin\" allowfullscreen><\/iframe><\/p>\n<blockquote class=\"wp-embedded-content\" data-secret=\"Ar78ScE65W\"><p><a href=\"https:\/\/freeage.de\/joachimurlaub\/garten-ungarn\/garten-hecken\/pepino-melonenbirnen\/\">Pepino Melonenbirnen<\/a><\/p><\/blockquote>\n<p><iframe loading=\"lazy\" class=\"wp-embedded-content\" sandbox=\"allow-scripts\" security=\"restricted\" style=\"position: absolute; visibility: hidden;\" title=\"&#8222;Pepino Melonenbirnen&#8220; &#8212; Joachim-Urlaub\" src=\"https:\/\/freeage.de\/joachimurlaub\/garten-ungarn\/garten-hecken\/pepino-melonenbirnen\/embed\/#?secret=p5d63iFGH4#?secret=Ar78ScE65W\" data-secret=\"Ar78ScE65W\" width=\"600\" height=\"338\" frameborder=\"0\" marginwidth=\"0\" marginheight=\"0\" scrolling=\"no\"><\/iframe><\/p>\n<p>Yunnan Bananenbaum <a href=\"https:\/\/www.plantopedia.de\/winterharte-bananenpflanze\/\" target=\"_blank\" rel=\"noopener\">Winterharte Bananenpflanzen<\/a><\/p>\n<p>&nbsp;<\/p>\n<p>&nbsp;<\/p>\n<p>&nbsp;<\/p>\n<p>&nbsp;<\/p>\n","protected":false},"excerpt":{"rendered":"<p>Schon einiges gefunden. In meinem Nachbarort. Birnen Gekauft 29.02.2024 Fels\u0151ny\u00e9k, \u00c1rp\u00e1d u. 38, 7099 M\u00fcssen zwei sein wegen Best\u00e4ubung Goji bogyo Gekauft 29.02.2024 Fels\u0151ny\u00e9k, \u00c1rp\u00e1d u. 38, 7099 Beispiel Bild Maulbeerbaum Info\u00a0 Gekauft 17.02.2024 Fels\u0151ny\u00e9k, \u00c1rp\u00e1d u. 38, 7099 Weissdorn Info\u00a0 \u00a0 \u00a0Gekauft 17.02.2024\u00a0 Fels\u0151ny\u00e9k, \u00c1rp\u00e1d u. 38, 7099\u00a0 Japanische Weinbeere. 3x Video zu Japanische [&hellip;]<\/p>\n","protected":false},"author":1,"featured_media":0,"parent":0,"menu_order":0,"comment_status":"closed","ping_status":"closed","template":"","meta":{"footnotes":""},"class_list":["post-354","page","type-page","status-publish","hentry"],"_links":{"self":[{"href":"https:\/\/freeage.de\/joachimurlaub\/wp-json\/wp\/v2\/pages\/354","targetHints":{"allow":["GET"]}}],"collection":[{"href":"https:\/\/freeage.de\/joachimurlaub\/wp-json\/wp\/v2\/pages"}],"about":[{"href":"https:\/\/freeage.de\/joachimurlaub\/wp-json\/wp\/v2\/types\/page"}],"author":[{"embeddable":true,"href":"https:\/\/freeage.de\/joachimurlaub\/wp-json\/wp\/v2\/users\/1"}],"replies":[{"embeddable":true,"href":"https:\/\/freeage.de\/joachimurlaub\/wp-json\/wp\/v2\/comments?post=354"}],"version-history":[{"count":43,"href":"https:\/\/freeage.de\/joachimurlaub\/wp-json\/wp\/v2\/pages\/354\/revisions"}],"predecessor-version":[{"id":538,"href":"https:\/\/freeage.de\/joachimurlaub\/wp-json\/wp\/v2\/pages\/354\/revisions\/538"}],"wp:attachment":[{"href":"https:\/\/freeage.de\/joachimurlaub\/wp-json\/wp\/v2\/media?parent=354"}],"curies":[{"name":"wp","href":"https:\/\/api.w.org\/{rel}","templated":true}]}}